{"id":2259,"date":"2023-07-01T19:08:42","date_gmt":"2023-07-01T17:08:42","guid":{"rendered":"https:\/\/valvi-big.com\/?page_id=2259"},"modified":"2025-08-31T18:05:33","modified_gmt":"2025-08-31T16:05:33","slug":"elementor-2259","status":"publish","type":"page","link":"https:\/\/valvi-big.com\/de\/elementor-2259\/","title":{"rendered":"Valvi Big Impressum"},"content":{"rendered":"<div data-elementor-type=\"wp-page\" data-elementor-id=\"2259\" class=\"elementor elementor-2259\">\n\t\t\t\t\t\t<section class=\"elementor-section elementor-top-section elementor-element elementor-element-b60f56b elementor-section-stretched elementor-section-boxed elementor-section-height-default elementor-section-height-default\" data-id=\"b60f56b\" data-element_type=\"section\" data-e-type=\"section\" data-settings=\"{&quot;stretch_section&quot;:&quot;section-stretched&quot;,&quot;background_background&quot;:&quot;classic&quot;}\">\n\t\t\t\t\t\t<div class=\"elementor-container elementor-column-gap-default\">\n\t\t\t\t\t<div class=\"elementor-column elementor-col-100 elementor-top-column elementor-element elementor-element-2b47e76\" data-id=\"2b47e76\" data-element_type=\"column\" data-e-type=\"column\">\n\t\t\t<div class=\"elementor-widget-wrap elementor-element-populated\">\n\t\t\t\t\t\t<div class=\"elementor-element elementor-element-b677c24 elementor-widget elementor-widget-heading\" data-id=\"b677c24\" data-element_type=\"widget\" data-e-type=\"widget\" data-widget_type=\"heading.default\">\n\t\t\t\t<div class=\"elementor-widget-container\">\n\t\t\t\t\t<h2 class=\"elementor-heading-title elementor-size-default\">ValVi Big Impressum<\/h2>\t\t\t\t<\/div>\n\t\t\t\t<\/div>\n\t\t\t\t\t<\/div>\n\t\t<\/div>\n\t\t\t\t\t<\/div>\n\t\t<\/section>\n\t\t\t\t<section class=\"elementor-section elementor-top-section elementor-element elementor-element-39c15be elementor-section-boxed elementor-section-height-default elementor-section-height-default\" data-id=\"39c15be\" data-element_type=\"section\" data-e-type=\"section\">\n\t\t\t\t\t\t<div class=\"elementor-container elementor-column-gap-default\">\n\t\t\t\t\t<div class=\"elementor-column elementor-col-100 elementor-top-column elementor-element elementor-element-fc5f43f\" data-id=\"fc5f43f\" data-element_type=\"column\" data-e-type=\"column\">\n\t\t\t<div class=\"elementor-widget-wrap elementor-element-populated\">\n\t\t\t\t\t\t<div class=\"elementor-element elementor-element-54d246d elementor-widget elementor-widget-spacer\" data-id=\"54d246d\" data-element_type=\"widget\" data-e-type=\"widget\" data-widget_type=\"spacer.default\">\n\t\t\t\t<div class=\"elementor-widget-container\">\n\t\t\t\t\t\t\t<div class=\"elementor-spacer\">\n\t\t\t<div class=\"elementor-spacer-inner\"><\/div>\n\t\t<\/div>\n\t\t\t\t\t\t<\/div>\n\t\t\t\t<\/div>\n\t\t\t\t\t<\/div>\n\t\t<\/div>\n\t\t\t\t\t<\/div>\n\t\t<\/section>\n\t\t\t\t<section class=\"elementor-section elementor-top-section elementor-element elementor-element-5217f00 elementor-section-boxed elementor-section-height-default elementor-section-height-default\" data-id=\"5217f00\" data-element_type=\"section\" data-e-type=\"section\">\n\t\t\t\t\t\t<div class=\"elementor-container elementor-column-gap-default\">\n\t\t\t\t\t<div class=\"elementor-column elementor-col-50 elementor-top-column elementor-element elementor-element-4f7e200\" data-id=\"4f7e200\" data-element_type=\"column\" data-e-type=\"column\">\n\t\t\t<div class=\"elementor-widget-wrap elementor-element-populated\">\n\t\t\t\t\t\t<div class=\"elementor-element elementor-element-3512c57 elementor-widget elementor-widget-text-editor\" data-id=\"3512c57\" data-element_type=\"widget\" data-e-type=\"widget\" data-widget_type=\"text-editor.default\">\n\t\t\t\t<div class=\"elementor-widget-container\">\n\t\t\t\t\t\t\t\t\t<p>Gesch\u00e4ftsf\u00fchrung:<\/p><p>Gesch\u00e4ftsf\u00fchrerin:<\/p><p>Adresse:<\/p><p>\u00a0<\/p><p>Kontakt:<\/p><p>Registergericht:<\/p><p>Registernummer:<\/p>\t\t\t\t\t\t\t\t<\/div>\n\t\t\t\t<\/div>\n\t\t\t\t\t<\/div>\n\t\t<\/div>\n\t\t\t\t<div class=\"elementor-column elementor-col-50 elementor-top-column elementor-element elementor-element-ff29c6e\" data-id=\"ff29c6e\" data-element_type=\"column\" data-e-type=\"column\">\n\t\t\t<div class=\"elementor-widget-wrap elementor-element-populated\">\n\t\t\t\t\t\t<div class=\"elementor-element elementor-element-f58007d elementor-widget elementor-widget-text-editor\" data-id=\"f58007d\" data-element_type=\"widget\" data-e-type=\"widget\" data-widget_type=\"text-editor.default\">\n\t\t\t\t<div class=\"elementor-widget-container\">\n\t\t\t\t\t\t\t\t\t<p>Valvi Big GmbH<\/p><p>Mandy De Meo<\/p><p>Oberlindau 5, 60323 Frankfurt am Main<\/p><p>info@valvi-big.com<\/p><p>Amtsgericht Frankfurt<\/p><p>HRB 130308<\/p>\t\t\t\t\t\t\t\t<\/div>\n\t\t\t\t<\/div>\n\t\t\t\t\t<\/div>\n\t\t<\/div>\n\t\t\t\t\t<\/div>\n\t\t<\/section>\n\t\t\t\t<section class=\"elementor-section elementor-top-section elementor-element elementor-element-3e689a6 elementor-section-stretched elementor-section-boxed elementor-section-height-default elementor-section-height-default\" data-id=\"3e689a6\" data-element_type=\"section\" data-e-type=\"section\" data-settings=\"{&quot;stretch_section&quot;:&quot;section-stretched&quot;,&quot;background_background&quot;:&quot;classic&quot;}\">\n\t\t\t\t\t\t<div class=\"elementor-container elementor-column-gap-default\">\n\t\t\t\t\t<div class=\"elementor-column elementor-col-100 elementor-top-column elementor-element elementor-element-f0dcd7f\" data-id=\"f0dcd7f\" data-element_type=\"column\" data-e-type=\"column\">\n\t\t\t<div class=\"elementor-widget-wrap elementor-element-populated\">\n\t\t\t\t\t\t<div class=\"elementor-element elementor-element-d64230d elementor-widget elementor-widget-button\" data-id=\"d64230d\" data-element_type=\"widget\" data-e-type=\"widget\" data-widget_type=\"button.default\">\n\t\t\t\t<div class=\"elementor-widget-container\">\n\t\t\t\t\t\t\t\t\t<div class=\"elementor-button-wrapper\">\n\t\t\t\t\t<a class=\"elementor-button elementor-button-link elementor-size-sm\" href=\"https:\/\/valvi-big.com\">\n\t\t\t\t\t\t<span class=\"elementor-button-content-wrapper\">\n\t\t\t\t\t\t<span class=\"elementor-button-icon\">\n\t\t\t\t<i aria-hidden=\"true\" class=\"far fa-arrow-alt-circle-left\"><\/i>\t\t\t<\/span>\n\t\t\t\t\t\t\t\t\t<span class=\"elementor-button-text\">Zur\u00fcck zu ValVi Big<\/span>\n\t\t\t\t\t<\/span>\n\t\t\t\t\t<\/a>\n\t\t\t\t<\/div>\n\t\t\t\t\t\t\t\t<\/div>\n\t\t\t\t<\/div>\n\t\t\t\t\t<\/div>\n\t\t<\/div>\n\t\t\t\t\t<\/div>\n\t\t<\/section>\n\t\t\t\t<\/div>","protected":false},"excerpt":{"rendered":"<p>ValVi Big Impressum Gesch\u00e4ftsf\u00fchrung: Gesch\u00e4ftsf\u00fchrerin: Adresse: \u00a0 Kontakt: Registergericht: Registernummer: Valvi Big GmbH Mandy De Meo Oberlindau 5, 60323 Frankfurt am Main info@valvi-big.com Amtsgericht Frankfurt HRB 130308 Zur\u00fcck zu ValVi Big<\/p>","protected":false},"author":1,"featured_media":0,"parent":0,"menu_order":0,"comment_status":"closed","ping_status":"closed","template":"","meta":{"_crdt_document":"","footnotes":""},"class_list":["post-2259","page","type-page","status-publish"],"yoast_head":"<!-- This site is optimized with the Yoast SEO plugin v27.4 - https:\/\/yoast.com\/product\/yoast-seo-wordpress\/ -->\n<title>ValVi Big<\/title>\n<meta name=\"robots\" content=\"index, follow, max-snippet:-1, max-image-preview:large, max-video-preview:-1\" \/>\n<link rel=\"canonical\" href=\"https:\/\/valvi-big.com\/de\/elementor-2259\/\" \/>\n<meta property=\"og:locale\" content=\"de_DE\" \/>\n<meta property=\"og:type\" content=\"article\" \/>\n<meta property=\"og:title\" content=\"ValVi Big\" \/>\n<meta property=\"og:description\" content=\"ValVi Big Impressum Gesch\u00e4ftsf\u00fchrung: Gesch\u00e4ftsf\u00fchrerin: Adresse: \u00a0 Kontakt: Registergericht: Registernummer: Valvi Big GmbH Mandy De Meo Oberlindau 5, 60323 Frankfurt am Main info@valvi-big.com Amtsgericht Frankfurt HRB 130308 Zur\u00fcck zu ValVi Big\" \/>\n<meta property=\"og:url\" content=\"https:\/\/valvi-big.com\/de\/elementor-2259\/\" \/>\n<meta property=\"og:site_name\" content=\"ValVi Big\" \/>\n<meta property=\"article:modified_time\" content=\"2025-08-31T16:05:33+00:00\" \/>\n<meta property=\"og:image\" content=\"https:\/\/valvi-big.com\/wp-content\/uploads\/2023\/05\/cropped-IMG_2318-1.jpeg\" \/>\n\t<meta property=\"og:image:width\" content=\"512\" \/>\n\t<meta property=\"og:image:height\" content=\"512\" \/>\n\t<meta property=\"og:image:type\" content=\"image\/jpeg\" \/>\n<meta name=\"twitter:card\" content=\"summary_large_image\" \/>\n<meta name=\"twitter:label1\" content=\"Gesch\u00e4tzte Lesezeit\" \/>\n\t<meta name=\"twitter:data1\" content=\"1\u00a0Minute\" \/>\n<script type=\"application\/ld+json\" class=\"yoast-schema-graph\">{\"@context\":\"https:\\\/\\\/schema.org\",\"@graph\":[{\"@type\":\"WebPage\",\"@id\":\"https:\\\/\\\/valvi-big.com\\\/elementor-2259\\\/\",\"url\":\"https:\\\/\\\/valvi-big.com\\\/elementor-2259\\\/\",\"name\":\"ValVi Big\",\"isPartOf\":{\"@id\":\"https:\\\/\\\/valvi-big.com\\\/#website\"},\"datePublished\":\"2023-07-01T17:08:42+00:00\",\"dateModified\":\"2025-08-31T16:05:33+00:00\",\"breadcrumb\":{\"@id\":\"https:\\\/\\\/valvi-big.com\\\/elementor-2259\\\/#breadcrumb\"},\"inLanguage\":\"de\",\"potentialAction\":[{\"@type\":\"ReadAction\",\"target\":[\"https:\\\/\\\/valvi-big.com\\\/elementor-2259\\\/\"]}]},{\"@type\":\"BreadcrumbList\",\"@id\":\"https:\\\/\\\/valvi-big.com\\\/elementor-2259\\\/#breadcrumb\",\"itemListElement\":[{\"@type\":\"ListItem\",\"position\":1,\"name\":\"Startseite\",\"item\":\"https:\\\/\\\/valvi-big.com\\\/\"},{\"@type\":\"ListItem\",\"position\":2,\"name\":\"Valvi Big Imprint\"}]},{\"@type\":\"WebSite\",\"@id\":\"https:\\\/\\\/valvi-big.com\\\/#website\",\"url\":\"https:\\\/\\\/valvi-big.com\\\/\",\"name\":\"ValVi-Big\",\"description\":\"\",\"publisher\":{\"@id\":\"https:\\\/\\\/valvi-big.com\\\/#organization\"},\"alternateName\":\"ValVi-Big\",\"potentialAction\":[{\"@type\":\"SearchAction\",\"target\":{\"@type\":\"EntryPoint\",\"urlTemplate\":\"https:\\\/\\\/valvi-big.com\\\/?s={search_term_string}\"},\"query-input\":{\"@type\":\"PropertyValueSpecification\",\"valueRequired\":true,\"valueName\":\"search_term_string\"}}],\"inLanguage\":\"de\"},{\"@type\":\"Organization\",\"@id\":\"https:\\\/\\\/valvi-big.com\\\/#organization\",\"name\":\"ValVi Big\",\"alternateName\":\"ValVi Big\",\"url\":\"https:\\\/\\\/valvi-big.com\\\/\",\"logo\":{\"@type\":\"ImageObject\",\"inLanguage\":\"de\",\"@id\":\"https:\\\/\\\/valvi-big.com\\\/#\\\/schema\\\/logo\\\/image\\\/\",\"url\":\"https:\\\/\\\/valvi-big.com\\\/wp-content\\\/uploads\\\/2023\\\/05\\\/cropped-IMG_2318-1.jpeg\",\"contentUrl\":\"https:\\\/\\\/valvi-big.com\\\/wp-content\\\/uploads\\\/2023\\\/05\\\/cropped-IMG_2318-1.jpeg\",\"width\":512,\"height\":512,\"caption\":\"ValVi Big\"},\"image\":{\"@id\":\"https:\\\/\\\/valvi-big.com\\\/#\\\/schema\\\/logo\\\/image\\\/\"}}]}<\/script>\n<!-- \/ Yoast SEO plugin. -->","yoast_head_json":{"title":"ValVi Big","robots":{"index":"index","follow":"follow","max-snippet":"max-snippet:-1","max-image-preview":"max-image-preview:large","max-video-preview":"max-video-preview:-1"},"canonical":"https:\/\/valvi-big.com\/de\/elementor-2259\/","og_locale":"de_DE","og_type":"article","og_title":"ValVi Big","og_description":"ValVi Big Impressum Gesch\u00e4ftsf\u00fchrung: Gesch\u00e4ftsf\u00fchrerin: Adresse: \u00a0 Kontakt: Registergericht: Registernummer: Valvi Big GmbH Mandy De Meo Oberlindau 5, 60323 Frankfurt am Main info@valvi-big.com Amtsgericht Frankfurt HRB 130308 Zur\u00fcck zu ValVi Big","og_url":"https:\/\/valvi-big.com\/de\/elementor-2259\/","og_site_name":"ValVi Big","article_modified_time":"2025-08-31T16:05:33+00:00","og_image":[{"width":512,"height":512,"url":"https:\/\/valvi-big.com\/wp-content\/uploads\/2023\/05\/cropped-IMG_2318-1.jpeg","type":"image\/jpeg"}],"twitter_card":"summary_large_image","twitter_misc":{"Gesch\u00e4tzte Lesezeit":"1\u00a0Minute"},"schema":{"@context":"https:\/\/schema.org","@graph":[{"@type":"WebPage","@id":"https:\/\/valvi-big.com\/elementor-2259\/","url":"https:\/\/valvi-big.com\/elementor-2259\/","name":"ValVi Big","isPartOf":{"@id":"https:\/\/valvi-big.com\/#website"},"datePublished":"2023-07-01T17:08:42+00:00","dateModified":"2025-08-31T16:05:33+00:00","breadcrumb":{"@id":"https:\/\/valvi-big.com\/elementor-2259\/#breadcrumb"},"inLanguage":"de","potentialAction":[{"@type":"ReadAction","target":["https:\/\/valvi-big.com\/elementor-2259\/"]}]},{"@type":"BreadcrumbList","@id":"https:\/\/valvi-big.com\/elementor-2259\/#breadcrumb","itemListElement":[{"@type":"ListItem","position":1,"name":"Startseite","item":"https:\/\/valvi-big.com\/"},{"@type":"ListItem","position":2,"name":"Valvi Big Imprint"}]},{"@type":"WebSite","@id":"https:\/\/valvi-big.com\/#website","url":"https:\/\/valvi-big.com\/","name":"ValVi-Big","description":"","publisher":{"@id":"https:\/\/valvi-big.com\/#organization"},"alternateName":"ValVi-Big","potentialAction":[{"@type":"SearchAction","target":{"@type":"EntryPoint","urlTemplate":"https:\/\/valvi-big.com\/?s={search_term_string}"},"query-input":{"@type":"PropertyValueSpecification","valueRequired":true,"valueName":"search_term_string"}}],"inLanguage":"de"},{"@type":"Organization","@id":"https:\/\/valvi-big.com\/#organization","name":"ValVi Big","alternateName":"ValVi Big","url":"https:\/\/valvi-big.com\/","logo":{"@type":"ImageObject","inLanguage":"de","@id":"https:\/\/valvi-big.com\/#\/schema\/logo\/image\/","url":"https:\/\/valvi-big.com\/wp-content\/uploads\/2023\/05\/cropped-IMG_2318-1.jpeg","contentUrl":"https:\/\/valvi-big.com\/wp-content\/uploads\/2023\/05\/cropped-IMG_2318-1.jpeg","width":512,"height":512,"caption":"ValVi Big"},"image":{"@id":"https:\/\/valvi-big.com\/#\/schema\/logo\/image\/"}}]}},"_links":{"self":[{"href":"https:\/\/valvi-big.com\/de\/wp-json\/wp\/v2\/pages\/2259","targetHints":{"allow":["GET"]}}],"collection":[{"href":"https:\/\/valvi-big.com\/de\/wp-json\/wp\/v2\/pages"}],"about":[{"href":"https:\/\/valvi-big.com\/de\/wp-json\/wp\/v2\/types\/page"}],"author":[{"embeddable":true,"href":"https:\/\/valvi-big.com\/de\/wp-json\/wp\/v2\/users\/1"}],"replies":[{"embeddable":true,"href":"https:\/\/valvi-big.com\/de\/wp-json\/wp\/v2\/comments?post=2259"}],"version-history":[{"count":133,"href":"https:\/\/valvi-big.com\/de\/wp-json\/wp\/v2\/pages\/2259\/revisions"}],"predecessor-version":[{"id":6235,"href":"https:\/\/valvi-big.com\/de\/wp-json\/wp\/v2\/pages\/2259\/revisions\/6235"}],"wp:attachment":[{"href":"https:\/\/valvi-big.com\/de\/wp-json\/wp\/v2\/media?parent=2259"}],"curies":[{"name":"wp","href":"https:\/\/api.w.org\/{rel}","templated":true}]}}